{"id":3647,"date":"2026-02-08T00:12:37","date_gmt":"2026-02-08T00:12:37","guid":{"rendered":"https:\/\/staging.dietetyk-horowski.pl\/?page_id=3647"},"modified":"2026-02-08T00:41:25","modified_gmt":"2026-02-08T00:41:25","slug":"start","status":"publish","type":"page","link":"https:\/\/staging.dietetyk-horowski.pl\/","title":{"rendered":"Start"},"content":{"rendered":"\t\t<div data-elementor-type=\"wp-page\" data-elementor-id=\"3647\" class=\"elementor elementor-3647\">\n\t\t\t\t<div class=\"elementor-element elementor-element-0429c2f e-flex e-con-boxed e-con e-parent\" data-id=\"0429c2f\" data-element_type=\"container\" data-e-type=\"container\">\n\t\t\t\t\t<div class=\"e-con-inner\">\n\t\t<div class=\"elementor-element elementor-element-ad54266 e-flex e-con-boxed e-con e-child\" data-id=\"ad54266\" data-element_type=\"container\" data-e-type=\"container\">\n\t\t\t\t\t<div class=\"e-con-inner\">\n\t\t\t\t<div class=\"elementor-element elementor-element-398af36 elementor-widget elementor-widget-text-editor\" data-id=\"398af36\" data-element_type=\"widget\" data-e-type=\"widget\" data-widget_type=\"text-editor.default\">\n\t\t\t\t\t\t\t\t\t<p>Pomagam osobom doros\u0142ym poprawi\u0107 zdrowie, relacj\u0119 z jedzeniem i codzienne funkcjonowanie. {racuj\u0119 spokojnie, konkretnie i bez presji.<\/p>\t\t\t\t\t\t\t\t<\/div>\n\t\t\t\t<div class=\"elementor-element elementor-element-806beae elementor-widget elementor-widget-heading\" data-id=\"806beae\" data-element_type=\"widget\" data-e-type=\"widget\" data-widget_type=\"heading.default\">\n\t\t\t\t\t<h1 class=\"elementor-heading-title elementor-size-default\">Dietetyk i psychodietetyk - realne wsparcie w zmianie nawyk\u00f3w<\/h1>\t\t\t\t<\/div>\n\t\t\t\t\t<\/div>\n\t\t\t\t<\/div>\n\t\t\t\t\t<\/div>\n\t\t\t\t<\/div>\n\t\t\t\t<\/div>\n\t\t","protected":false},"excerpt":{"rendered":"<p>Pomagam osobom doros\u0142ym poprawi\u0107 zdrowie, relacj\u0119 z jedzeniem i codzienne funkcjonowanie. {racuj\u0119 spokojnie, konkretnie i bez presji. Dietetyk i psychodietetyk &#8211; realne wsparcie w zmianie nawyk\u00f3w<\/p>\n","protected":false},"author":1,"featured_media":0,"parent":0,"menu_order":0,"comment_status":"closed","ping_status":"closed","template":"elementor_canvas","meta":{"footnotes":""},"class_list":["post-3647","page","type-page","status-publish","hentry"],"_links":{"self":[{"href":"https:\/\/staging.dietetyk-horowski.pl\/index.php?rest_route=\/wp\/v2\/pages\/3647","targetHints":{"allow":["GET"]}}],"collection":[{"href":"https:\/\/staging.dietetyk-horowski.pl\/index.php?rest_route=\/wp\/v2\/pages"}],"about":[{"href":"https:\/\/staging.dietetyk-horowski.pl\/index.php?rest_route=\/wp\/v2\/types\/page"}],"author":[{"embeddable":true,"href":"https:\/\/staging.dietetyk-horowski.pl\/index.php?rest_route=\/wp\/v2\/users\/1"}],"replies":[{"embeddable":true,"href":"https:\/\/staging.dietetyk-horowski.pl\/index.php?rest_route=%2Fwp%2Fv2%2Fcomments&post=3647"}],"version-history":[{"count":19,"href":"https:\/\/staging.dietetyk-horowski.pl\/index.php?rest_route=\/wp\/v2\/pages\/3647\/revisions"}],"predecessor-version":[{"id":3669,"href":"https:\/\/staging.dietetyk-horowski.pl\/index.php?rest_route=\/wp\/v2\/pages\/3647\/revisions\/3669"}],"wp:attachment":[{"href":"https:\/\/staging.dietetyk-horowski.pl\/index.php?rest_route=%2Fwp%2Fv2%2Fmedia&parent=3647"}],"curies":[{"name":"wp","href":"https:\/\/api.w.org\/{rel}","templated":true}]}}